{"id":778,"date":"2021-05-26T09:54:26","date_gmt":"2021-05-26T07:54:26","guid":{"rendered":"https:\/\/ankersetzen.de\/fbs\/?page_id=778"},"modified":"2021-05-28T14:27:32","modified_gmt":"2021-05-28T12:27:32","slug":"selbstlernkurs-meetzi","status":"publish","type":"page","link":"https:\/\/ankersetzen.de\/fbs\/selbstlernkurs-meetzi\/","title":{"rendered":"Selbstlernkurs Meetzi"},"content":{"rendered":"<p><strong>Wichtiger Hinweis:<\/strong><\/p>\n<p>Wir stehen in keiner Verbindung zu limtec.de und meetzi.de ist kein Angebot von uns. Wir m\u00f6chten unentgeltlich Interessierten den Umgang mit dieser Software erleichtern.<\/p>\n<p><strong>Was gibt es hier?<\/strong><\/p>\n<p>Meetzi ist eine kostenfreie, browserbasierte Anwendung f\u00fcr Videokonferenzen. Weder die Person, die das Meeting veranstaltet noch die Teilnehmenden m\u00fcssen sich auf der Seite registrieren. Laut Anbieter sind Konferenzen mit bis zu 30 Personen m\u00f6glich.<\/p>\n<p>Was wir anbieten, ist ein Selbstlernkurs zum sicheren Umgang mit dieser Software. Inhaltlich schreiben wir Blogbeitr\u00e4ge zu einzelnen Themen und verlinken auf externe Quellen.<\/p>\n<p><strong>Einstieg<\/strong><\/p>\n<p>Die offizielle <a href=\"https:\/\/meetzi.de\/\" target=\"_blank\" rel=\"noopener\">Meetzi-Seite<\/a> mit der Vorstellung aller Funktionen.<\/p>\n<p><strong>Hier findet ihr die \u00dcbersicht mit allen Beitr\u00e4gen zu diesem Thema:<\/strong><\/p>\n<p><a href=\"https:\/\/ankersetzen.de\/fbs\/2021\/05\/26\/meetzi-lernen-1\/\">Meetzi lernen 1: Raum anlegen und pers\u00f6nliche Eindr\u00fccke sammeln<\/a><\/p>\n<p><a href=\"https:\/\/ankersetzen.de\/fbs\/2021\/05\/27\/meetzi-lernen-2\/\">Meetzi lernen 2: Audio, Video und ein gutes Setting<\/a><\/p>\n<p><a href=\"https:\/\/ankersetzen.de\/fbs\/2021\/05\/28\/meetzi-lernen-3\/\">Meetzi lernen 3: Weitergehende Funktionen<\/a><\/p>\n<p><strong>Funktionen<\/strong><\/p>\n<p>Meetzi bietet neben den \u00fcblichen Funktionen einer Videokonferenz ein paar Besonderheiten: Direkt in der Anwendung sind folgende Tools integriert, die die Moderation und die TN in der Sitzung getrennt oder gemeinsam nutzen k\u00f6nnen:<\/p>\n<p>Ein Etherpad zum Schreiben an einem Text<\/p>\n<p>Ein Whiteboard<\/p>\n<p>Eine Dateiablage zum Verwenden und Teilen von Dateien<\/p>\n<p>Ein Kanbanboard zum Organisieren von Aufgaben<\/p>\n<p><strong>Hintergrund<\/strong><\/p>\n<p><a href=\"https:\/\/Limtec.de\" target=\"_blank\" rel=\"noopener\">Limtec.de<\/a> ist die Firma, die Meetzi zur Verf\u00fcgung stellt und einen DSGVO-konformen AV-Vertrag anbietet. Wer mehr als die kostenfreie Version braucht, kann bei Limtec auch meetziPro erwerben.<\/p>\n","protected":false},"excerpt":{"rendered":"<p>Wichtiger Hinweis: Wir stehen in keiner Verbindung zu limtec.de und meetzi.de ist kein Angebot von uns. Wir m\u00f6chten unentgeltlich Interessierten den Umgang mit dieser Software erleichtern. Was gibt es hier? Meetzi ist eine kostenfreie, browserbasierte Anwendung f\u00fcr Videokonferenzen. Weder die Person, die das Meeting veranstaltet noch die Teilnehmenden m\u00fcssen sich auf der Seite registrieren. Laut&#8230;<\/p>\n","protected":false},"author":3,"featured_media":0,"parent":0,"menu_order":0,"comment_status":"closed","ping_status":"closed","template":"","meta":{"_crdt_document":"","_coblocks_attr":"","_coblocks_dimensions":"","_coblocks_responsive_height":"","_coblocks_accordion_ie_support":"","footnotes":""},"class_list":["post-778","page","type-page","status-publish","hentry"],"_links":{"self":[{"href":"https:\/\/ankersetzen.de\/fbs\/wp-json\/wp\/v2\/pages\/778","targetHints":{"allow":["GET"]}}],"collection":[{"href":"https:\/\/ankersetzen.de\/fbs\/wp-json\/wp\/v2\/pages"}],"about":[{"href":"https:\/\/ankersetzen.de\/fbs\/wp-json\/wp\/v2\/types\/page"}],"author":[{"embeddable":true,"href":"https:\/\/ankersetzen.de\/fbs\/wp-json\/wp\/v2\/users\/3"}],"replies":[{"embeddable":true,"href":"https:\/\/ankersetzen.de\/fbs\/wp-json\/wp\/v2\/comments?post=778"}],"version-history":[{"count":6,"href":"https:\/\/ankersetzen.de\/fbs\/wp-json\/wp\/v2\/pages\/778\/revisions"}],"predecessor-version":[{"id":815,"href":"https:\/\/ankersetzen.de\/fbs\/wp-json\/wp\/v2\/pages\/778\/revisions\/815"}],"wp:attachment":[{"href":"https:\/\/ankersetzen.de\/fbs\/wp-json\/wp\/v2\/media?parent=778"}],"curies":[{"name":"wp","href":"https:\/\/api.w.org\/{rel}","templated":true}]}}