{"id":1562,"date":"2023-06-05T09:48:38","date_gmt":"2023-06-05T07:48:38","guid":{"rendered":"https:\/\/ankersetzen.de\/fbs\/?page_id=1562"},"modified":"2023-10-23T11:44:45","modified_gmt":"2023-10-23T09:44:45","slug":"was-ist-ki","status":"publish","type":"page","link":"https:\/\/ankersetzen.de\/fbs\/mini-kompendium-ki\/was-ist-ki\/","title":{"rendered":"Was ist KI?"},"content":{"rendered":"\n<p class=\"wp-block-paragraph\"><strong>Stand: 23.10.2023<\/strong><\/p>\n\n\n\n<p class=\"has-text-align-center has-very-light-gray-to-cyan-bluish-gray-gradient-background has-background has-medium-font-size wp-block-paragraph\" id=\"WA\"><strong>Was ist KI?<\/strong><\/p>\n\n\n\n<p class=\"wp-block-paragraph\"><strong>Auf die Frage, was KI-Anwendungen sind, antwortet ChatGPT:<\/strong><\/p>\n\n\n\n<blockquote class=\"wp-block-quote is-layout-flow wp-block-quote-is-layout-flow\">\n<p class=\"wp-block-paragraph\">KI Anwendungen sind Programme, die k\u00fcnstliche Intelligenz verwenden, um Aufgaben zu erledigen, die normalerweise von Menschen erledigt werden. Diese Programme k\u00f6nnen in vielen verschiedenen Bereichen eingesetzt werden, einschlie\u00dflich der Automatisierung, der Datenanalyse, der Robotik, der Spracherkennung und der Bilderkennung. KI Anwendungen k\u00f6nnen auch verwendet werden, um Prozesse zu optimieren, um Entscheidungen zu treffen und um Probleme zu l\u00f6sen. KI Anwendungen k\u00f6nnen auch dazu verwendet werden, um maschinelles Lernen zu erm\u00f6glichen, indem sie Daten sammeln, analysieren und verarbeiten, um neue Erkenntnisse zu gewinnen.<\/p>\n<cite>ChatGPT<\/cite><\/blockquote>\n\n\n\n<figure class=\"wp-block-embed is-type-wp-embed is-provider-ki-f-r-ein-gutes-altern wp-block-embed-ki-f-r-ein-gutes-altern\"><div class=\"wp-block-embed__wrapper\">\nhttps:\/\/ki-und-alter.de\/was-ist-ueberhaupt-ki\/\n<\/div><\/figure>\n\n\n\n<ul class=\"wp-block-list\">\n<li>Linksammlung der BAGSO zum Einstieg ins Thema KI<\/li>\n<\/ul>\n\n\n\n<figure class=\"wp-block-embed is-type-video is-provider-youtube wp-block-embed-youtube wp-embed-aspect-16-9 wp-has-aspect-ratio\"><div class=\"wp-block-embed__wrapper\">\n\t\t<div class=\"embed-privacy-container is-disabled embed-youtube\" data-embed-id=\"oembed_e97897b6b8de41f1a491e5107dfbcf11\" data-embed-provider=\"youtube\" style=\"aspect-ratio: 640\/360;\">\t\t\t\t\t\t<button type=\"button\" class=\"embed-privacy-enable screen-reader-text\">\u201eWie funktioniert eigentlich Machine Learning?\u201c von YouTube anzeigen<\/button>\t\t\t\t\t\t<div class=\"embed-privacy-overlay\">\t\t\t\t<div class=\"embed-privacy-inner\">\t\t\t\t\t<div class=\"embed-privacy-logo\" style=\"background-image: url(https:\/\/ankersetzen.de\/fbs\/wp-content\/plugins\/embed-privacy\/assets\/images\/embed-youtube.png?ver=1.12.3);\"><\/div>\t\t<p>\t\tHier klicken, um den Inhalt von YouTube anzuzeigen.\t\t\t\t\t<br>\t\t\t\t\tErfahre mehr in der <a href=\"https:\/\/policies.google.com\/privacy?hl=de\" target=\"_blank\">Datenschutzerkl\u00e4rung von YouTube<\/a>.\t\t<\/p>\t\t<p class=\"embed-privacy-input-wrapper\">\t\t\t<input id=\"embed-privacy-store-youtube-e97897b6b8de41f1a491e5107dfbcf11\" type=\"checkbox\" value=\"1\" class=\"embed-privacy-input\" data-embed-provider=\"youtube\">\t\t\t<label for=\"embed-privacy-store-youtube-e97897b6b8de41f1a491e5107dfbcf11\" class=\"embed-privacy-label\" data-embed-provider=\"youtube\">\t\t\t\tInhalt von YouTube immer anzeigen\t\t\t<\/label>\t\t<\/p>\t\t\t\t\t\t<\/div>\t\t\t\t\t\t\t\t<div class=\"embed-privacy-footer\"><span class=\"embed-privacy-url\"><a href=\"https:\/\/www.youtube.com\/watch?v=ya_6I9IVMzY\">\u201eWie funktioniert eigentlich Machine Learning?\u201c direkt \u00f6ffnen<\/a><\/span><\/div>\t\t\t<\/div>\t\t\t\t\t\t<div class=\"embed-privacy-content\">\t\t\t\t<script>var _oembed_e97897b6b8de41f1a491e5107dfbcf11 = '{\\\"embed\\\":\\\"&lt;iframe title=&quot;Wie funktioniert eigentlich Machine Learning?&quot; width=&quot;640&quot; height=&quot;360&quot; src=&quot;https:\\\\\/\\\\\/www.youtube-nocookie.com\\\\\/embed\\\\\/ya_6I9IVMzY?feature=oembed&quot; frameborder=&quot;0&quot; allow=&quot;accelerometer; autoplay; clipboard-write; encrypted-media; gyroscope; picture-in-picture; web-share&quot; referrerpolicy=&quot;strict-origin-when-cross-origin&quot; allowfullscreen&gt;&lt;\\\\\/iframe&gt;\\\"}';<\/script>\t\t\t<\/div>\t\t<\/div>\t\t\n<\/div><\/figure>\n\n\n\n<ul class=\"wp-block-list\">\n<li>Wie funktioniert eigentlich Machine Learning?<\/li>\n<\/ul>\n\n\n\n<p class=\"has-very-light-gray-to-cyan-bluish-gray-gradient-background has-background wp-block-paragraph\"><a rel=\"noreferrer noopener\" href=\"https:\/\/www.wfb-bremen.de\/de\/page\/stories\/digitalisierung-industrie40\/was-ist-kuenstliche-intelligenz-definition-ki\" target=\"_blank\">https:\/\/www.wfb-bremen.de\/de\/page\/stories\/digitalisierung-industrie40\/was-ist-kuenstliche-intelligenz-definition-ki<\/a><\/p>\n\n\n\n<ul class=\"wp-block-list\">\n<li>Allgemeinverst\u00e4ndlicher Einstieg ins Thema KI <\/li>\n<\/ul>\n\n\n\n<p class=\"has-very-light-gray-to-cyan-bluish-gray-gradient-background has-background wp-block-paragraph\"><a rel=\"noreferrer noopener\" href=\"https:\/\/www.wfb-bremen.de\/de\/page\/stories\/digitalisierung-industrie40\/was-ist-ein-neuronales-netz\" target=\"_blank\">https:\/\/www.wfb-bremen.de\/de\/page\/stories\/digitalisierung-industrie40\/was-ist-ein-neuronales-netz<\/a><\/p>\n\n\n\n<ul class=\"wp-block-list\">\n<li>Was ist ein neuronales Netz?<\/li>\n<\/ul>\n\n\n\n<p class=\"has-very-light-gray-to-cyan-bluish-gray-gradient-background has-background wp-block-paragraph\"><a href=\"https:\/\/www.ibm.com\/de-de\/topics\/artificial-intelligence\" target=\"_blank\" rel=\"noreferrer noopener\">https:\/\/www.ibm.com\/de-de\/topics\/artificial-intelligence<\/a><\/p>\n\n\n\n<ul class=\"wp-block-list\">\n<li>Was ist k\u00fcnstliche Intelligenz?<\/li>\n<\/ul>\n\n\n\n<p class=\"has-very-light-gray-to-cyan-bluish-gray-gradient-background has-background wp-block-paragraph\"><a href=\"https:\/\/www.sap.com\/germany\/insights\/what-is-machine-learning.html\" target=\"_blank\" rel=\"noreferrer noopener\">https:\/\/www.sap.com\/germany\/insights\/what-is-machine-learning.html<\/a><\/p>\n\n\n\n<ul class=\"wp-block-list\">\n<li>Definition von maschinellem Lernen im Detail bei SAP<\/li>\n<\/ul>\n\n\n\n<p class=\"has-very-light-gray-to-cyan-bluish-gray-gradient-background has-background wp-block-paragraph\"><a href=\"https:\/\/www.ibm.com\/de-de\/topics\/strong-ai\" target=\"_blank\" rel=\"noreferrer noopener\">https:\/\/www.ibm.com\/de-de\/topics\/strong-ai<\/a><\/p>\n\n\n\n<ul class=\"wp-block-list\">\n<li>Ausf\u00fchrliche Erkl\u00e4rungen zu den Themen starke und schwache KI von IBM<\/li>\n<\/ul>\n\n\n\n<p class=\"has-very-light-gray-to-cyan-bluish-gray-gradient-background has-background wp-block-paragraph\"><a href=\"https:\/\/www.elektronik-kompendium.de\/sites\/com\/2210221.htm\" target=\"_blank\" rel=\"noreferrer noopener\">https:\/\/www.elektronik-kompendium.de\/sites\/com\/2210221.htm<\/a><\/p>\n\n\n\n<ul class=\"wp-block-list\">\n<li>Zur Geschichte der KI und welche Felder zum Thema geh\u00f6ren<\/li>\n<\/ul>\n","protected":false},"excerpt":{"rendered":"<p>Stand: 23.10.2023 Was ist KI? Auf die Frage, was KI-Anwendungen sind, antwortet ChatGPT: KI Anwendungen sind Programme, die k\u00fcnstliche Intelligenz verwenden, um Aufgaben zu erledigen, die normalerweise von Menschen erledigt werden. Diese Programme k\u00f6nnen in vielen verschiedenen Bereichen eingesetzt werden, einschlie\u00dflich der Automatisierung, der Datenanalyse, der Robotik, der Spracherkennung und der Bilderkennung. KI Anwendungen k\u00f6nnen&#8230;<\/p>\n","protected":false},"author":3,"featured_media":0,"parent":1397,"menu_order":0,"comment_status":"closed","ping_status":"closed","template":"","meta":{"_crdt_document":"","_coblocks_attr":"","_coblocks_dimensions":"","_coblocks_responsive_height":"","_coblocks_accordion_ie_support":"","footnotes":""},"class_list":["post-1562","page","type-page","status-publish","hentry"],"_links":{"self":[{"href":"https:\/\/ankersetzen.de\/fbs\/wp-json\/wp\/v2\/pages\/1562","targetHints":{"allow":["GET"]}}],"collection":[{"href":"https:\/\/ankersetzen.de\/fbs\/wp-json\/wp\/v2\/pages"}],"about":[{"href":"https:\/\/ankersetzen.de\/fbs\/wp-json\/wp\/v2\/types\/page"}],"author":[{"embeddable":true,"href":"https:\/\/ankersetzen.de\/fbs\/wp-json\/wp\/v2\/users\/3"}],"replies":[{"embeddable":true,"href":"https:\/\/ankersetzen.de\/fbs\/wp-json\/wp\/v2\/comments?post=1562"}],"version-history":[{"count":4,"href":"https:\/\/ankersetzen.de\/fbs\/wp-json\/wp\/v2\/pages\/1562\/revisions"}],"predecessor-version":[{"id":1817,"href":"https:\/\/ankersetzen.de\/fbs\/wp-json\/wp\/v2\/pages\/1562\/revisions\/1817"}],"up":[{"embeddable":true,"href":"https:\/\/ankersetzen.de\/fbs\/wp-json\/wp\/v2\/pages\/1397"}],"wp:attachment":[{"href":"https:\/\/ankersetzen.de\/fbs\/wp-json\/wp\/v2\/media?parent=1562"}],"curies":[{"name":"wp","href":"https:\/\/api.w.org\/{rel}","templated":true}]}}