{"id":1118,"date":"2022-04-19T15:15:55","date_gmt":"2022-04-19T13:15:55","guid":{"rendered":"https:\/\/ankersetzen.de\/fbs\/?page_id=1118"},"modified":"2023-01-13T12:32:28","modified_gmt":"2023-01-13T11:32:28","slug":"hilfe-fuer-gefluechtete-ukraine","status":"publish","type":"page","link":"https:\/\/ankersetzen.de\/fbs\/hilfe-fuer-gefluechtete-ukraine\/","title":{"rendered":"Hilfe f\u00fcr Gefl\u00fcchtete &#8211; Ukraine"},"content":{"rendered":"\n<p class=\"wp-block-paragraph\">Auf dieser Seite sammeln wir Infos zum Thema &#8222;Hilfe f\u00fcr Gefl\u00fcchtete &#8211; Digitale Angebote&#8220;. Aktuell erreichen uns Anfragen zur konkreten Hilfe f\u00fcr Menschen aus der Ukraine. Die neuesten Hinweise findet ihr oben auf dieser Seite, nach den Erl\u00e4uterungen zum Google \u00dcbersetzer und zum Chrome-Browser.<\/p>\n\n\n\n<p class=\"wp-block-paragraph\">Eine gute M\u00f6glichkeit zur Verst\u00e4ndigung bietet dabei der &#8222;Google \u00dcbersetzer&#8220;. Die App kann kostenfrei in den Stores von Apple und Google heruntergeladen werden. Neben der \u00dcbersetzung von getipptem oder kopiertem Text bietet die App auch einen &#8222;Unterhaltungsmodus&#8220;. D.h., jede Person kann in ihrer Sprache sprechen (z.B. ukrainisch oder russisch) und die Ausgabe erfolgt als Text und gesprochene Sprache z.B. in Deutsch. Das Sprachpaket &#8222;Ukraine&#8220; kann heruntergeladen werden, so dass die \u00dcbersetzung auch offline gut funktioniert. (Online klappt es noch besser.)<\/p>\n\n\n\n<p class=\"wp-block-paragraph\">F\u00fcr die automatische \u00dcbersetzung von Internetseiten bietet sich der Browser Chrome an. Hier kann einfach per Mausklick von einer in eine andere Sprache \u00fcbersetzt werden.<\/p>\n\n\n\n<p class=\"wp-block-paragraph\"><a rel=\"noreferrer noopener\" href=\"https:\/\/support.google.com\/chrome\/answer\/173424?hl=de&amp;co=GENIE.Platform%3DDesktop\" data-type=\"URL\" data-id=\"https:\/\/support.google.com\/chrome\/answer\/173424?hl=de&amp;co=GENIE.Platform%3DDesktop\" target=\"_blank\">Spracheinstellung in Chrome \u00e4ndern und Webseiten \u00fcbersetzen<\/a><\/p>\n\n\n\n<hr class=\"wp-block-separator has-alpha-channel-opacity\" \/>\n\n\n\n<p class=\"wp-block-paragraph\"><a href=\"https:\/\/amalfrankfurt.de\/de\/\" data-type=\"URL\" data-id=\"https:\/\/amalfrankfurt.de\/de\/\" target=\"_blank\" rel=\"noreferrer noopener\">Amalfrankfurt.de<\/a><\/p>\n\n\n\n<p class=\"wp-block-paragraph\">Das Gemeinschaftswerk der Evangelischen Publizistik (GEP) hat am 9. Januar 2023 mit Amal in Frankfurt am Main ein neues Medienangebot f\u00fcr Gefl\u00fcchtete gestartet. Die Plattform von Amal berichtet auf Arabisch, Persisch und Ukrainisch.<\/p>\n\n\n\n<hr class=\"wp-block-separator has-alpha-channel-opacity\" \/>\n\n\n\n<p class=\"wp-block-paragraph\"><a href=\"https:\/\/www.deutsche-stiftung-engagement-und-ehrenamt.de\/ukrainehilfe\/#toggle-id-2\" data-type=\"URL\" data-id=\"https:\/\/www.deutsche-stiftung-engagement-und-ehrenamt.de\/ukrainehilfe\/#toggle-id-2\" target=\"_blank\" rel=\"noreferrer noopener\">Ukraine \u2013 Ehrenamt hilft gemeinsam<\/a><\/p>\n\n\n\n<p class=\"wp-block-paragraph\">Die Deutsche Stiftung f\u00fcr Engagement und Ehrenamt sammelt auf dieser Seite u.a. Informationen, F\u00f6rderm\u00f6glichkeiten sowie Qualifizierungsangebote nicht nur f\u00fcr Ehrenamtliche.<\/p>\n\n\n\n<hr class=\"wp-block-separator has-alpha-channel-opacity\" \/>\n\n\n\n<p class=\"wp-block-paragraph\">Erwachsenenbildung als Fl\u00fcchtlingshilfe &#8211; Unter diesem Titel bietet ein Dossier auf wb-web.de Materialsammlungen und Infos an:<\/p>\n\n\n\n<p class=\"wp-block-paragraph\"><a href=\"https:\/\/wb-web.de\/dossiers\/fluechtlinge.html\" data-type=\"URL\" data-id=\"https:\/\/wb-web.de\/dossiers\/fluechtlinge.html\" target=\"_blank\" rel=\"noreferrer noopener\">Bildungsarbeit mit erwachsenen Gefl\u00fcchteten<\/a>  <\/p>\n\n\n\n<hr class=\"wp-block-separator has-alpha-channel-opacity\" \/>\n\n\n\n<p class=\"wp-block-paragraph\"><a href=\"https:\/\/www.ekd.de\/handreichung-trauerbegleitung-orthodoxer-christen-73339.htm\" data-type=\"URL\" data-id=\"https:\/\/www.ekd.de\/handreichung-trauerbegleitung-orthodoxer-christen-73339.htm\" target=\"_blank\" rel=\"noreferrer noopener\">Handreichung f\u00fcr evangelische Gemeinden in der Begleitung Trauernder orthodoxen Glaubens<\/a><\/p>\n\n\n\n<p class=\"wp-block-paragraph\">Die EKD hat diese Handreichung ver\u00f6ffentlicht. Zudem findet ihr dort eine \u00dcbersicht der orthodoxen Gemeinden in Deutschland.<\/p>\n\n\n\n<hr class=\"wp-block-separator has-alpha-channel-opacity\" \/>\n\n\n\n<p class=\"wp-block-paragraph\"><a href=\"https:\/\/correctiv.org\/aktuelles\/russland-ukraine-2\/2022\/04\/11\/das-abc-zum-russland-ukraine-krieg\/\" data-type=\"URL\" data-id=\"https:\/\/correctiv.org\/aktuelles\/russland-ukraine-2\/2022\/04\/11\/das-abc-zum-russland-ukraine-krieg\/\" target=\"_blank\" rel=\"noreferrer noopener\">Das ABC zum Russland-Ukraine-Krieg<\/a><br>In den Sozialen Medien werden Desinformationen zum Krieg in der Ukraine verbreitet. Die Jugendredaktion von CORRECTIV erkl\u00e4rt die wichtigsten Fragen.<\/p>\n\n\n\n<hr class=\"wp-block-separator has-alpha-channel-opacity\" \/>\n\n\n\n<p class=\"wp-block-paragraph\">Die Saarbr\u00fccker Zeitung ver\u00f6ffentlicht auf dieser Seite Adressen und Kontaktdaten zum Thema: <\/p>\n\n\n\n<p class=\"wp-block-paragraph\"><a href=\"https:\/\/www.saarbruecker-zeitung.de\/saarland\/ukraine-krieg-so-koennen-menschen-im-saarland-fluechtlingen-helfen_aid-66683041\" data-type=\"URL\" data-id=\"https:\/\/www.saarbruecker-zeitung.de\/saarland\/ukraine-krieg-so-koennen-menschen-im-saarland-fluechtlingen-helfen_aid-66683041\" target=\"_blank\" rel=\"noreferrer noopener\">Wohnraum, Geld- und Sachspenden: Hier k\u00f6nnen Saarl\u00e4nder Fl\u00fcchtlingen aus der Ukraine helfen<\/a><\/p>\n\n\n\n<hr class=\"wp-block-separator has-alpha-channel-opacity\" \/>\n\n\n\n<p class=\"wp-block-paragraph\">Die Europ\u00e4ische Kommission hat die Erasmus+-Mobilit\u00e4tsprogramme (KA 1) der allgemeinen und beruflichen Bildung ausnahmsweise f\u00fcr Teilnehmende aus der Ukraine ge\u00f6ffnet. Ukrainisches Bildungspersonal sowie Lernende k\u00f6nnen als Erasmus+-Teilnehmende an den Auslandsaufenthalten im Rahmen von bereits laufenden Projekten teilnehmen \u2013 dies gilt auch f\u00fcr die kommende Antragsrunde. Auf der Seite erl\u00e4utern Factsheets die Einzelheiten: <\/p>\n\n\n\n<p class=\"wp-block-paragraph\"><a href=\"https:\/\/www.na-bibb.de\/presse\/news\/erasmus-massnahmen-fuer-ukrainerinnen-und-ukrainer\" data-type=\"URL\" data-id=\"https:\/\/www.na-bibb.de\/presse\/news\/erasmus-massnahmen-fuer-ukrainerinnen-und-ukrainer\" target=\"_blank\" rel=\"noreferrer noopener\">Erasmus+-Ma\u00dfnahmen f\u00fcr Ukrainerinnen und Ukrainer &#8211; Europ\u00e4ische F\u00f6rdermittel k\u00f6nnen zur Unterst\u00fctzung eingesetzt werden<\/a><\/p>\n\n\n\n<hr class=\"wp-block-separator has-alpha-channel-opacity\" \/>\n\n\n\n<p class=\"wp-block-paragraph\">Eine \u00dcbersichtsseite des &#8222;Bundesministerium des Innern und f\u00fcr Heimat&#8220; in vier Sprachen:<\/p>\n\n\n\n<p class=\"wp-block-paragraph\"><a href=\"https:\/\/www.germany4ukraine.de\/hilfeportal-de\" data-type=\"URL\" data-id=\"https:\/\/www.germany4ukraine.de\/hilfeportal-de\" target=\"_blank\" rel=\"noreferrer noopener\">germany4ukraine.de<\/a><\/p>\n\n\n\n<p class=\"wp-block-paragraph\">Eine App mit dem gleichnamigen Titel ist in Arbeit.<\/p>\n\n\n\n<hr class=\"wp-block-separator has-alpha-channel-opacity\" \/>\n\n\n\n<p class=\"wp-block-paragraph\">Aktuelle Infos rund ums Thema &#8222;Helfen&#8220; auf saarland.de liefert diese Adresse:<\/p>\n\n\n\n<p class=\"wp-block-paragraph\"><a href=\"https:\/\/www.saarland.de\/DE\/portale\/ukraine\/helfen\/helfen_node.html\" data-type=\"URL\" data-id=\"https:\/\/www.saarland.de\/DE\/portale\/ukraine\/helfen\/helfen_node.html\" target=\"_blank\" rel=\"noreferrer noopener\">Saarland helfen<\/a><\/p>\n\n\n\n<hr class=\"wp-block-separator has-alpha-channel-opacity\" \/>\n\n\n\n<p class=\"wp-block-paragraph\">Die Stadt Saarbr\u00fccken sammelt auf dieser Seite ihre Infos zum Thema:<\/p>\n\n\n\n<p class=\"wp-block-paragraph\"><a href=\"https:\/\/www.saarbruecken.de\/leben_in_saarbruecken\/familie_und_soziales\/zuwanderung_und_integration\/ukraine\" data-type=\"URL\" data-id=\"https:\/\/www.saarbruecken.de\/leben_in_saarbruecken\/familie_und_soziales\/zuwanderung_und_integration\/ukraine\" target=\"_blank\" rel=\"noreferrer noopener\">saarbruecken.de\/ukraine<\/a><\/p>\n\n\n\n<hr class=\"wp-block-separator has-alpha-channel-opacity\" \/>\n\n\n\n<p class=\"wp-block-paragraph\">Die Zentrale f\u00fcr Unterrichtsmedien im Internet e. V. hat eine \u00dcbersichtsseite &#8222;Willkommen-Materialien Ukraine&#8220; erstellt. Hier findet ihr u.a. kostenfreie Materialien zum Thema &#8222;Deutsch lernen&#8220; speziell f\u00fcr Gefl\u00fcchtete aus der Ukraine:<\/p>\n\n\n\n<p class=\"wp-block-paragraph\"><a rel=\"noreferrer noopener\" href=\"https:\/\/deutsch-lernen.zum.de\/wiki\/Willkommen-Materialien_Ukraine\" data-type=\"URL\" data-id=\"https:\/\/deutsch-lernen.zum.de\/wiki\/Willkommen-Materialien_Ukraine\" target=\"_blank\">Willkommen-Materialien Ukraine<\/a><\/p>\n\n\n\n<hr class=\"wp-block-separator has-alpha-channel-opacity\" \/>\n\n\n\n<p class=\"wp-block-paragraph\">Auf der Seite sind auch Padlets eingebunden, die aktualisiert werden und weitere Infos bieten:<\/p>\n\n\n\n<p class=\"wp-block-paragraph\">Analoge und digitale Materialien, Apps, Tools, Ideen und Impulse f\u00fcr den Deutschunterricht als Zweitsprache\/Fremdsprache:<\/p>\n\n\n\n<p class=\"wp-block-paragraph\"><a rel=\"noreferrer noopener\" href=\"https:\/\/padlet.com\/redorange888\/qqfcpavp29tron2i\" target=\"_blank\">Impulse f\u00fcr den DAZ Unterricht<\/a><\/p>\n\n\n\n<p class=\"wp-block-paragraph\">Einfache \u00dcbungen zum Deutsch lernen &#8211; Einige Angebote sind Quizz\u00fcbungen auf wordwall.net. Dabei m\u00fcssen Bildern die passenden deutschen Worte zugeordnet werden:<\/p>\n\n\n\n<p class=\"wp-block-paragraph\"><a rel=\"noreferrer noopener\" href=\"https:\/\/padlet.com\/rsben\/dukr\" data-type=\"URL\" data-id=\"https:\/\/padlet.com\/rsben\/dukr\" target=\"_blank\">\u0412\u0438\u0432\u0447\u0430\u0439\u0442\u0435 \u043d\u0456\u043c\u0435\u0446\u044c\u043a\u0443 \u043c\u043e\u0432\u0443 &#8211; \u041f\u0440\u043e\u0441\u0442\u0456 \u0432\u043f\u0440\u0430\u0432\u0438 &#8212; Deutsch lernen &#8211; Einfache \u00dcbungen<\/a><\/p>\n\n\n\n<hr class=\"wp-block-separator has-alpha-channel-opacity\" \/>\n\n\n\n<p class=\"wp-block-paragraph\">Der Heiseverlag verweist auf dieser Seite auf Unterst\u00fctzungsangebote:<\/p>\n\n\n\n<p class=\"wp-block-paragraph\"><a rel=\"noreferrer noopener\" href=\"https:\/\/www.heise.de\/news\/Ukraine-Krieg-Digitale-Hilfsmittel-fuer-Gefluechtete-und-Helfer-6660853.html\" target=\"_blank\">Ukraine-Krieg: Digitale Hilfsmittel f\u00fcr Gefl\u00fcchtete und Helfer<\/a><\/p>\n\n\n\n<hr class=\"wp-block-separator has-alpha-channel-opacity\" \/>\n\n\n\n<p class=\"wp-block-paragraph\">Der \u00d6sterreichische Integrationsfonds (\u00d6IF) bietet Informationen und Materialien an. Dazu geh\u00f6ren kostenfreie Online\u00fcbungen sowie Materialien zum kostenlosen Download:<\/p>\n\n\n\n<p class=\"wp-block-paragraph\"><a href=\"https:\/\/sprachportal.integrationsfonds.at\/ukraine\" data-type=\"URL\" data-id=\"https:\/\/sprachportal.integrationsfonds.at\/ukraine\" target=\"_blank\" rel=\"noreferrer noopener\">Hilfe bei der ersten Orientierung und beim Deutschlernen<\/a><\/p>\n\n\n\n<p class=\"wp-block-paragraph\">Die Einstiegs- und Alphabetisierungsmaterialien auf dieser Seite k\u00f6nnen f\u00fcr Alphakurse oder f\u00fcr Einstiegskurse zum Deutschlernen verwendet werden:<\/p>\n\n\n\n<p class=\"wp-block-paragraph\"><a rel=\"noreferrer noopener\" href=\"https:\/\/sprachportal.integrationsfonds.at\/deutsch-lernen\/materialien-zum-kostenlosen-download\/einstiegs-und-alphabetisierungsmaterialien\" data-type=\"URL\" data-id=\"https:\/\/sprachportal.integrationsfonds.at\/deutsch-lernen\/materialien-zum-kostenlosen-download\/einstiegs-und-alphabetisierungsmaterialien\" target=\"_blank\">Einstiegs- und Alphabetisierungsmaterialien<\/a><\/p>\n\n\n\n<hr class=\"wp-block-separator has-alpha-channel-opacity\" \/>\n","protected":false},"excerpt":{"rendered":"<p>Auf dieser Seite sammeln wir Infos zum Thema &#8222;Hilfe f\u00fcr Gefl\u00fcchtete &#8211; Digitale Angebote&#8220;. Aktuell erreichen uns Anfragen zur konkreten Hilfe f\u00fcr Menschen aus der Ukraine. Die neuesten Hinweise findet ihr oben auf dieser Seite, nach den Erl\u00e4uterungen zum Google \u00dcbersetzer und zum Chrome-Browser. Eine gute M\u00f6glichkeit zur Verst\u00e4ndigung bietet dabei der &#8222;Google \u00dcbersetzer&#8220;. Die&#8230;<\/p>\n","protected":false},"author":3,"featured_media":0,"parent":0,"menu_order":0,"comment_status":"closed","ping_status":"closed","template":"","meta":{"_crdt_document":"","_coblocks_attr":"","_coblocks_dimensions":"","_coblocks_responsive_height":"","_coblocks_accordion_ie_support":"","footnotes":""},"class_list":["post-1118","page","type-page","status-publish","hentry"],"_links":{"self":[{"href":"https:\/\/ankersetzen.de\/fbs\/wp-json\/wp\/v2\/pages\/1118","targetHints":{"allow":["GET"]}}],"collection":[{"href":"https:\/\/ankersetzen.de\/fbs\/wp-json\/wp\/v2\/pages"}],"about":[{"href":"https:\/\/ankersetzen.de\/fbs\/wp-json\/wp\/v2\/types\/page"}],"author":[{"embeddable":true,"href":"https:\/\/ankersetzen.de\/fbs\/wp-json\/wp\/v2\/users\/3"}],"replies":[{"embeddable":true,"href":"https:\/\/ankersetzen.de\/fbs\/wp-json\/wp\/v2\/comments?post=1118"}],"version-history":[{"count":10,"href":"https:\/\/ankersetzen.de\/fbs\/wp-json\/wp\/v2\/pages\/1118\/revisions"}],"predecessor-version":[{"id":1367,"href":"https:\/\/ankersetzen.de\/fbs\/wp-json\/wp\/v2\/pages\/1118\/revisions\/1367"}],"wp:attachment":[{"href":"https:\/\/ankersetzen.de\/fbs\/wp-json\/wp\/v2\/media?parent=1118"}],"curies":[{"name":"wp","href":"https:\/\/api.w.org\/{rel}","templated":true}]}}